{"id":791,"date":"2017-06-16T15:29:39","date_gmt":"2017-06-16T15:29:39","guid":{"rendered":"http:\/\/amper-services.de\/?page_id=791"},"modified":"2025-04-14T10:17:10","modified_gmt":"2025-04-14T10:17:10","slug":"startseite","status":"publish","type":"page","link":"https:\/\/eichenauer-gebaeudeservice.de\/","title":{"rendered":"Startseite"},"content":{"rendered":"\t\t<div data-elementor-type=\"wp-page\" data-elementor-id=\"791\" class=\"elementor elementor-791\" data-elementor-post-type=\"page\">\n\t\t\t\t<div class=\"elementor-element elementor-element-7710563a e-flex e-con-boxed e-con e-parent\" data-id=\"7710563a\" data-element_type=\"container\">\n\t\t\t\t\t<div class=\"e-con-inner\">\n\t\t\t\t<div class=\"elementor-element elementor-element-93ff676 elementor-widget elementor-widget-heading\" data-id=\"93ff676\" data-element_type=\"widget\" data-widget_type=\"heading.default\">\n\t\t\t\t<div class=\"elementor-widget-container\">\n\t\t\t\t\t<h1 class=\"elementor-heading-title elementor-size-default\">Herzlich willkommen beim Eichenauer Geb\u00e4udeservice<\/h1>\t\t\t\t<\/div>\n\t\t\t\t<\/div>\n\t\t\t\t<div class=\"elementor-element elementor-element-52075e0e elementor-widget elementor-widget-text-editor\" data-id=\"52075e0e\" data-element_type=\"widget\" data-widget_type=\"text-editor.default\">\n\t\t\t\t<div class=\"elementor-widget-container\">\n\t\t\t\t\t\t\t\t\t<p>Als familiengef\u00fchrter Dienstleister stehen bei uns Qualit\u00e4t, Verl\u00e4sslichkeit und pers\u00f6nliche Betreuung im Mittelpunkt. Unsere motivierten und regelm\u00e4\u00dfig geschulten Mitarbeiter sind das Herz unseres Unternehmens \u2013 engagiert, freundlich und mit einem hohen Ma\u00df an Fachkompetenz.<\/p>\t\t\t\t\t\t\t\t<\/div>\n\t\t\t\t<\/div>\n\t\t\t\t\t<\/div>\n\t\t\t\t<\/div>\n\t\t<div class=\"elementor-element elementor-element-5826cb3 e-flex e-con-boxed e-con e-parent\" data-id=\"5826cb3\" data-element_type=\"container\">\n\t\t\t\t\t<div class=\"e-con-inner\">\n\t\t<div class=\"elementor-element elementor-element-c28b98d e-con-full e-flex e-con e-child\" data-id=\"c28b98d\" data-element_type=\"container\">\n\t\t\t\t<div class=\"elementor-element elementor-element-a812a3a elementor-widget elementor-widget-heading\" data-id=\"a812a3a\" data-element_type=\"widget\" data-widget_type=\"heading.default\">\n\t\t\t\t<div class=\"elementor-widget-container\">\n\t\t\t\t\t<h2 class=\"elementor-heading-title elementor-size-default\">Was wir Ihnen bieten:<\/h2>\t\t\t\t<\/div>\n\t\t\t\t<\/div>\n\t\t\t\t<div class=\"elementor-element elementor-element-ab4623e elementor-widget elementor-widget-text-editor\" data-id=\"ab4623e\" data-element_type=\"widget\" data-widget_type=\"text-editor.default\">\n\t\t\t\t<div class=\"elementor-widget-container\">\n\t\t\t\t\t\t\t\t\t<ul><li class=\"\" data-start=\"571\" data-end=\"628\"><p class=\"\" data-start=\"573\" data-end=\"628\"><strong data-start=\"573\" data-end=\"626\">Fachgerechte, kunden- und objektbezogene Beratung<\/strong><\/p><\/li><li class=\"\" data-start=\"629\" data-end=\"698\"><p class=\"\" data-start=\"631\" data-end=\"698\"><strong data-start=\"631\" data-end=\"696\">Zuverl\u00e4ssige, motivierte und langj\u00e4hrig geschulte Mitarbeiter<\/strong><\/p><\/li><li class=\"\" data-start=\"699\" data-end=\"769\"><p class=\"\" data-start=\"701\" data-end=\"769\"><strong data-start=\"701\" data-end=\"767\">Einen modernen Maschinenpark und effiziente Reinigungsmethoden<\/strong><\/p><\/li><li class=\"\" data-start=\"770\" data-end=\"839\"><p class=\"\" data-start=\"772\" data-end=\"839\"><strong data-start=\"772\" data-end=\"837\">Langj\u00e4hrige Erfahrung in der professionellen Geb\u00e4udereinigung<\/strong><\/p><\/li><li class=\"\" data-start=\"840\" data-end=\"904\"><p class=\"\" data-start=\"842\" data-end=\"904\"><strong data-start=\"842\" data-end=\"902\">Ein faires und marktgerechtes Preis-Leistungs-Verh\u00e4ltnis<\/strong><\/p><\/li><li class=\"\" data-start=\"905\" data-end=\"989\"><p class=\"\" data-start=\"907\" data-end=\"989\"><strong data-start=\"907\" data-end=\"989\">Individuell zugeschnittene L\u00f6sungen f\u00fcr kleine, mittlere und gro\u00dfe Unternehmen<\/strong><\/p><\/li><\/ul>\t\t\t\t\t\t\t\t<\/div>\n\t\t\t\t<\/div>\n\t\t\t\t<\/div>\n\t\t<div class=\"elementor-element elementor-element-3742291 e-con-full e-flex e-con e-child\" data-id=\"3742291\" data-element_type=\"container\">\n\t\t\t\t<div class=\"elementor-element elementor-element-8fd95a6 elementor-widget elementor-widget-image\" data-id=\"8fd95a6\" data-element_type=\"widget\" data-widget_type=\"image.default\">\n\t\t\t\t<div class=\"elementor-widget-container\">\n\t\t\t\t\t\t\t\t\t\t\t\t\t\t\t<img fetchpriority=\"high\" decoding=\"async\" width=\"800\" height=\"534\" src=\"https:\/\/eichenauer-gebaeudeservice.de\/wp-content\/uploads\/2017\/06\/architecture-2256489-1024x683.jpg\" class=\"attachment-large size-large wp-image-884\" alt=\"\" srcset=\"https:\/\/eichenauer-gebaeudeservice.de\/wp-content\/uploads\/2017\/06\/architecture-2256489-1024x683.jpg 1024w, https:\/\/eichenauer-gebaeudeservice.de\/wp-content\/uploads\/2017\/06\/architecture-2256489-300x200.jpg 300w, https:\/\/eichenauer-gebaeudeservice.de\/wp-content\/uploads\/2017\/06\/architecture-2256489-768x512.jpg 768w, https:\/\/eichenauer-gebaeudeservice.de\/wp-content\/uploads\/2017\/06\/architecture-2256489-1536x1024.jpg 1536w, https:\/\/eichenauer-gebaeudeservice.de\/wp-content\/uploads\/2017\/06\/architecture-2256489-2048x1365.jpg 2048w\" sizes=\"(max-width: 800px) 100vw, 800px\" \/>\t\t\t\t\t\t\t\t\t\t\t\t\t\t\t<\/div>\n\t\t\t\t<\/div>\n\t\t\t\t<\/div>\n\t\t\t\t\t<\/div>\n\t\t\t\t<\/div>\n\t\t<div class=\"elementor-element elementor-element-486b5d7 e-flex e-con-boxed e-con e-parent\" data-id=\"486b5d7\" data-element_type=\"container\">\n\t\t\t\t\t<div class=\"e-con-inner\">\n\t\t\t\t<div class=\"elementor-element elementor-element-2a80b48 elementor-widget elementor-widget-heading\" data-id=\"2a80b48\" data-element_type=\"widget\" data-widget_type=\"heading.default\">\n\t\t\t\t<div class=\"elementor-widget-container\">\n\t\t\t\t\t<h2 class=\"elementor-heading-title elementor-size-default\">Unsere Philosophie:<\/h2>\t\t\t\t<\/div>\n\t\t\t\t<\/div>\n\t\t\t\t<div class=\"elementor-element elementor-element-19a5e7e elementor-widget elementor-widget-text-editor\" data-id=\"19a5e7e\" data-element_type=\"widget\" data-widget_type=\"text-editor.default\">\n\t\t\t\t<div class=\"elementor-widget-container\">\n\t\t\t\t\t\t\t\t\t<p class=\"\" data-start=\"1016\" data-end=\"1258\">Zuverl\u00e4ssigkeit, Best\u00e4ndigkeit im Team und eine pers\u00f6nliche, gr\u00fcndliche Betreuung bilden den Kern unserer Arbeit. F\u00fcr optimale Ergebnisse setzen wir auf <strong data-start=\"1169\" data-end=\"1217\">Kontinuit\u00e4t und langfristige Partnerschaften<\/strong> \u2013 denn nur so entsteht echtes Vertrauen.<\/p><p class=\"\" data-start=\"1260\" data-end=\"1450\">Wir sind stets <strong data-start=\"1275\" data-end=\"1326\">an Ihrer Seite \u2013 lokal, schnell und zuverl\u00e4ssig<\/strong>. Die Zufriedenheit unserer Kunden ist unser stolzester Erfolg, und wir sch\u00e4tzen das Vertrauen, das Sie uns entgegenbringen.<\/p>\t\t\t\t\t\t\t\t<\/div>\n\t\t\t\t<\/div>\n\t\t\t\t\t<\/div>\n\t\t\t\t<\/div>\n\t\t<div class=\"elementor-element elementor-element-285265a e-flex e-con-boxed e-con e-parent\" data-id=\"285265a\" data-element_type=\"container\">\n\t\t\t\t\t<div class=\"e-con-inner\">\n\t\t\t\t<div class=\"elementor-element elementor-element-6318b73 elementor-widget elementor-widget-heading\" data-id=\"6318b73\" data-element_type=\"widget\" data-widget_type=\"heading.default\">\n\t\t\t\t<div class=\"elementor-widget-container\">\n\t\t\t\t\t<h2 class=\"elementor-heading-title elementor-size-default\">Unsere Mission:<\/h2>\t\t\t\t<\/div>\n\t\t\t\t<\/div>\n\t\t\t\t<div class=\"elementor-element elementor-element-e92429e elementor-widget elementor-widget-text-editor\" data-id=\"e92429e\" data-element_type=\"widget\" data-widget_type=\"text-editor.default\">\n\t\t\t\t<div class=\"elementor-widget-container\">\n\t\t\t\t\t\t\t\t\t<p>Unsere Arbeit geht weit \u00fcber klassische Dienstleistungen hinaus. Wir verstehen uns nicht nur als Ausf\u00fchrende, sondern als <strong data-start=\"1595\" data-end=\"1606\">Partner<\/strong>, die Ihre Bed\u00fcrfnisse erkennen und gemeinsam mit Ihnen praxisnahe, nachhaltige L\u00f6sungen entwickeln. Unsere langj\u00e4hrige Erfahrung zeigt: Die besten Ergebnisse entstehen durch <strong data-start=\"1781\" data-end=\"1813\">Vertrauen und Zusammenarbeit<\/strong>.<\/p>\t\t\t\t\t\t\t\t<\/div>\n\t\t\t\t<\/div>\n\t\t\t\t\t<\/div>\n\t\t\t\t<\/div>\n\t\t<div class=\"elementor-element elementor-element-1f35e3b e-flex e-con-boxed e-con e-parent\" data-id=\"1f35e3b\" data-element_type=\"container\">\n\t\t\t\t\t<div class=\"e-con-inner\">\n\t\t\t\t<div class=\"elementor-element elementor-element-9ee87c2 elementor-widget elementor-widget-heading\" data-id=\"9ee87c2\" data-element_type=\"widget\" data-widget_type=\"heading.default\">\n\t\t\t\t<div class=\"elementor-widget-container\">\n\t\t\t\t\t<h2 class=\"elementor-heading-title elementor-size-default\">Unser Qualit\u00e4tsversprechen:<\/h2>\t\t\t\t<\/div>\n\t\t\t\t<\/div>\n\t\t\t\t<div class=\"elementor-element elementor-element-a670dc7 elementor-widget elementor-widget-text-editor\" data-id=\"a670dc7\" data-element_type=\"widget\" data-widget_type=\"text-editor.default\">\n\t\t\t\t<div class=\"elementor-widget-container\">\n\t\t\t\t\t\t\t\t\t<p class=\"\" data-start=\"1849\" data-end=\"2141\">Unser <strong data-start=\"1855\" data-end=\"1901\">Engagement f\u00fcr nachhaltige Partnerschaften<\/strong> spiegelt sich in einer konstant hohen Servicequalit\u00e4t wider. Wir investieren fortlaufend in die Weiterbildung unseres Teams, in moderne Technologien und leistungsstarke Reinigungsger\u00e4te, um jederzeit erstklassige Leistungen zu garantieren.<\/p><p class=\"\" data-start=\"2143\" data-end=\"2479\">Ihre <strong data-start=\"2148\" data-end=\"2180\">Zufriedenheit und Ihr Erfolg<\/strong> stehen f\u00fcr uns an oberster Stelle. Wir sind stolz, ein Teil Ihrer Erfolgsgeschichte zu sein \u2013 und freuen uns auf viele weitere Jahre der Zusammenarbeit. <strong data-start=\"2334\" data-end=\"2411\">Vertrauen Sie auf unsere Expertise, unsere Erfahrung und unser Engagement<\/strong>, um Ihre Erwartungen nicht nur zu erf\u00fcllen, sondern zu \u00fcbertreffen.<\/p>\t\t\t\t\t\t\t\t<\/div>\n\t\t\t\t<\/div>\n\t\t\t\t\t<\/div>\n\t\t\t\t<\/div>\n\t\t\t\t<\/div>\n\t\t","protected":false},"excerpt":{"rendered":"<p>Herzlich willkommen beim Eichenauer Geb\u00e4udeservice Als familiengef\u00fchrter Dienstleister stehen bei uns Qualit\u00e4t, Verl\u00e4sslichkeit und pers\u00f6nliche Betreuung im Mittelpunkt. Unsere motivierten und regelm\u00e4\u00dfig geschulten Mitarbeiter sind das Herz unseres Unternehmens \u2013 engagiert, freundlich und mit einem hohen Ma\u00df an Fachkompetenz. Was wir Ihnen bieten: Fachgerechte, kunden- und objektbezogene Beratung Zuverl\u00e4ssige, motivierte und langj\u00e4hrig geschulte Mitarbeiter Einen [&hellip;]<\/p>\n","protected":false},"author":2,"featured_media":0,"parent":0,"menu_order":0,"comment_status":"closed","ping_status":"closed","template":"","meta":{"footnotes":""},"class_list":["post-791","page","type-page","status-publish","hentry"],"_links":{"self":[{"href":"https:\/\/eichenauer-gebaeudeservice.de\/index.php?rest_route=\/wp\/v2\/pages\/791","targetHints":{"allow":["GET"]}}],"collection":[{"href":"https:\/\/eichenauer-gebaeudeservice.de\/index.php?rest_route=\/wp\/v2\/pages"}],"about":[{"href":"https:\/\/eichenauer-gebaeudeservice.de\/index.php?rest_route=\/wp\/v2\/types\/page"}],"author":[{"embeddable":true,"href":"https:\/\/eichenauer-gebaeudeservice.de\/index.php?rest_route=\/wp\/v2\/users\/2"}],"replies":[{"embeddable":true,"href":"https:\/\/eichenauer-gebaeudeservice.de\/index.php?rest_route=%2Fwp%2Fv2%2Fcomments&post=791"}],"version-history":[{"count":9,"href":"https:\/\/eichenauer-gebaeudeservice.de\/index.php?rest_route=\/wp\/v2\/pages\/791\/revisions"}],"predecessor-version":[{"id":1073,"href":"https:\/\/eichenauer-gebaeudeservice.de\/index.php?rest_route=\/wp\/v2\/pages\/791\/revisions\/1073"}],"wp:attachment":[{"href":"https:\/\/eichenauer-gebaeudeservice.de\/index.php?rest_route=%2Fwp%2Fv2%2Fmedia&parent=791"}],"curies":[{"name":"wp","href":"https:\/\/api.w.org\/{rel}","templated":true}]}}