{"id":774,"date":"2017-05-03T08:56:39","date_gmt":"2017-05-03T08:56:39","guid":{"rendered":"http:\/\/amper-services.de\/?page_id=774"},"modified":"2023-11-14T15:30:51","modified_gmt":"2023-11-14T15:30:51","slug":"philosophie","status":"publish","type":"page","link":"https:\/\/eichenauer-gebaeudeservice.de\/?page_id=774","title":{"rendered":"Philosophie"},"content":{"rendered":"\t\t<div data-elementor-type=\"wp-page\" data-elementor-id=\"774\" class=\"elementor elementor-774\" data-elementor-post-type=\"page\">\n\t\t\t\t<div class=\"elementor-element elementor-element-2d3ab632 e-flex e-con-boxed e-con e-parent\" data-id=\"2d3ab632\" data-element_type=\"container\">\n\t\t\t\t\t<div class=\"e-con-inner\">\n\t\t\t\t<div class=\"elementor-element elementor-element-defbd0d elementor-widget elementor-widget-heading\" data-id=\"defbd0d\" data-element_type=\"widget\" data-widget_type=\"heading.default\">\n\t\t\t\t<div class=\"elementor-widget-container\">\n\t\t\t\t\t<h2 class=\"elementor-heading-title elementor-size-default\">Philosophie<\/h2>\t\t\t\t<\/div>\n\t\t\t\t<\/div>\n\t\t\t\t<div class=\"elementor-element elementor-element-6b13835c elementor-widget elementor-widget-text-editor\" data-id=\"6b13835c\" data-element_type=\"widget\" data-widget_type=\"text-editor.default\">\n\t\t\t\t<div class=\"elementor-widget-container\">\n\t\t\t\t\t\t\t\t\tSaubere und gepflegte R\u00e4umlichkeiten sind die Grundlage erfolgreicher Gesch\u00e4fte. Sie vermitteln sichtbar den eigenen Anspruch in Bezug auf Qualit\u00e4t und Wertsch\u00f6pfung. F\u00fcr<strong> DasPutzwerk <\/strong>stehen Leistung und Zuverl\u00e4ssigkeit im Zentrum unseres Schaffens. Wir sind unseren Kunden ein verl\u00e4sslicher Partner, wann immer es um professionelle Dienstleistungen rund ums Geb\u00e4ude geht.Unseren Kunden steht eine durchdachte Auswahl verschiedener Reinigungsleistungen zur Verf\u00fcgung, welche jederzeit zyklisch oder fest, frei miteinander kombiniert werden k\u00f6nnen.\t\t\t\t\t\t\t\t<\/div>\n\t\t\t\t<\/div>\n\t\t\t\t<div class=\"elementor-element elementor-element-2bea4f2 elementor-widget elementor-widget-text-editor\" data-id=\"2bea4f2\" data-element_type=\"widget\" data-widget_type=\"text-editor.default\">\n\t\t\t\t<div class=\"elementor-widget-container\">\n\t\t\t\t\t\t\t\t\t<p>Bei der Wahl unseres Personal setzen wir auf motivierte und geschulte Mitarbeiter, welche in unserem Unternehmen auf leistungsstarke Reinigungsmittel sowie Ger\u00e4te zur\u00fcckgreifen k\u00f6nnen. Somit k\u00f6nnen Sie sicher sein, dass Ihre R\u00e4umlichkeiten von kompetenten und zuverl\u00e4ssigen Reinigungskr\u00e4ften gepflegt werden. Die akkuraten, nachhaltigen Dienstleistungen und unser faires Preis-Leistungsverhaltnis ist unser Gesch\u00e4ft.<\/p>\t\t\t\t\t\t\t\t<\/div>\n\t\t\t\t<\/div>\n\t\t\t\t\t<\/div>\n\t\t\t\t<\/div>\n\t\t<div class=\"elementor-element elementor-element-3e5764e e-flex e-con-boxed e-con e-parent\" data-id=\"3e5764e\" data-element_type=\"container\">\n\t\t\t\t\t<div class=\"e-con-inner\">\n\t\t<div class=\"elementor-element elementor-element-7a6b606 e-con-full e-flex e-con e-child\" data-id=\"7a6b606\" data-element_type=\"container\">\n\t\t\t\t<div class=\"elementor-element elementor-element-eb39964 elementor-widget elementor-widget-image\" data-id=\"eb39964\" data-element_type=\"widget\" data-widget_type=\"image.default\">\n\t\t\t\t<div class=\"elementor-widget-container\">\n\t\t\t\t\t\t\t\t\t\t\t\t\t\t\t<img fetchpriority=\"high\" decoding=\"async\" width=\"640\" height=\"436\" src=\"https:\/\/eichenauer-gebaeudeservice.de\/wp-content\/uploads\/2017\/06\/action-2277292_640.jpg\" class=\"attachment-large size-large wp-image-848\" alt=\"\" srcset=\"https:\/\/eichenauer-gebaeudeservice.de\/wp-content\/uploads\/2017\/06\/action-2277292_640.jpg 640w, https:\/\/eichenauer-gebaeudeservice.de\/wp-content\/uploads\/2017\/06\/action-2277292_640-300x204.jpg 300w\" sizes=\"(max-width: 640px) 100vw, 640px\" \/>\t\t\t\t\t\t\t\t\t\t\t\t\t\t\t<\/div>\n\t\t\t\t<\/div>\n\t\t\t\t<\/div>\n\t\t<div class=\"elementor-element elementor-element-cf84743 e-con-full e-flex e-con e-child\" data-id=\"cf84743\" data-element_type=\"container\">\n\t\t\t\t<div class=\"elementor-element elementor-element-95137a4 elementor-widget elementor-widget-text-editor\" data-id=\"95137a4\" data-element_type=\"widget\" data-widget_type=\"text-editor.default\">\n\t\t\t\t<div class=\"elementor-widget-container\">\n\t\t\t\t\t\t\t\t\t<p>\u00a0<\/p><p>\u00a0<\/p><p>Wir Arbeiten nicht f\u00fcr unsere Kunden. Wir arbeiten mit unseren Kunden, denn nur so kann garantiert werden das alle zufrieden sind.<\/p>\t\t\t\t\t\t\t\t<\/div>\n\t\t\t\t<\/div>\n\t\t\t\t<\/div>\n\t\t\t\t\t<\/div>\n\t\t\t\t<\/div>\n\t\t\t\t<\/div>\n\t\t","protected":false},"excerpt":{"rendered":"<p>Philosophie Saubere und gepflegte R\u00e4umlichkeiten sind die Grundlage erfolgreicher Gesch\u00e4fte. Sie vermitteln sichtbar den eigenen Anspruch in Bezug auf Qualit\u00e4t und Wertsch\u00f6pfung. F\u00fcr DasPutzwerk stehen Leistung und Zuverl\u00e4ssigkeit im Zentrum unseres Schaffens. Wir sind unseren Kunden ein verl\u00e4sslicher Partner, wann immer es um professionelle Dienstleistungen rund ums Geb\u00e4ude geht.Unseren Kunden steht eine durchdachte Auswahl verschiedener [&hellip;]<\/p>\n","protected":false},"author":2,"featured_media":0,"parent":0,"menu_order":0,"comment_status":"closed","ping_status":"closed","template":"","meta":{"footnotes":""},"class_list":["post-774","page","type-page","status-publish","hentry"],"_links":{"self":[{"href":"https:\/\/eichenauer-gebaeudeservice.de\/index.php?rest_route=\/wp\/v2\/pages\/774","targetHints":{"allow":["GET"]}}],"collection":[{"href":"https:\/\/eichenauer-gebaeudeservice.de\/index.php?rest_route=\/wp\/v2\/pages"}],"about":[{"href":"https:\/\/eichenauer-gebaeudeservice.de\/index.php?rest_route=\/wp\/v2\/types\/page"}],"author":[{"embeddable":true,"href":"https:\/\/eichenauer-gebaeudeservice.de\/index.php?rest_route=\/wp\/v2\/users\/2"}],"replies":[{"embeddable":true,"href":"https:\/\/eichenauer-gebaeudeservice.de\/index.php?rest_route=%2Fwp%2Fv2%2Fcomments&post=774"}],"version-history":[{"count":12,"href":"https:\/\/eichenauer-gebaeudeservice.de\/index.php?rest_route=\/wp\/v2\/pages\/774\/revisions"}],"predecessor-version":[{"id":1037,"href":"https:\/\/eichenauer-gebaeudeservice.de\/index.php?rest_route=\/wp\/v2\/pages\/774\/revisions\/1037"}],"wp:attachment":[{"href":"https:\/\/eichenauer-gebaeudeservice.de\/index.php?rest_route=%2Fwp%2Fv2%2Fmedia&parent=774"}],"curies":[{"name":"wp","href":"https:\/\/api.w.org\/{rel}","templated":true}]}}